{"id":7495,"date":"2025-02-27T10:39:31","date_gmt":"2025-02-27T08:39:31","guid":{"rendered":"https:\/\/www.visittorniohaparanda.com\/integritetspolicy\/"},"modified":"2025-12-01T10:26:15","modified_gmt":"2025-12-01T08:26:15","slug":"integritetspolicy","status":"publish","type":"page","link":"https:\/\/www.visittorniohaparanda.com\/sv\/integritetspolicy\/","title":{"rendered":"Integritetspolicy"},"content":{"rendered":"\t\t<div data-elementor-type=\"wp-page\" data-elementor-id=\"7495\" class=\"elementor elementor-7495 elementor-3\">\n\t\t\t\t<div class=\"elementor-element elementor-element-680dad8f e-flex e-con-boxed e-con e-parent\" data-id=\"680dad8f\" data-element_type=\"container\">\n\t\t\t\t\t<div class=\"e-con-inner\">\n\t\t\t\t<div class=\"elementor-element elementor-element-4c6613de elementor-widget elementor-widget-text-editor\" data-id=\"4c6613de\" data-element_type=\"widget\" data-widget_type=\"text-editor.default\">\n\t\t\t\t<div class=\"elementor-widget-container\">\n\t\t\t\t\t\t\t\t\t<p><strong>Integritetspolicy 14.06.2024<\/strong><\/p>\n<p> <\/p>\n<p><strong>Styrenhet<\/strong><\/p>\n<p><strong>F\u00f6retag:<\/strong> Visit Tornio Haparanda Ry<\/p>\n<p><strong>Organisationsnummer:<\/strong> 3461733-2<\/p>\n<p><strong>Adress:<\/strong> c\/o Business Tornio\/Tourism Suensaarenkatu 4, 95400 Tornio<\/p>\n<p> <\/p>\n<p><strong>Person som f\u00f6r registret:<\/strong> Juha-Pekka Koskinen<\/p>\n<p><strong>E-post:<\/strong> info@visittorniohaparanda.fi<\/p>\n<p><strong>Telefon:<\/strong> +358 40 169 5797<\/p>\n<p> <\/p>\n<p>Jag samlar in personuppgifter i syfte att hantera kundrelationen. Behandlingen av personuppgifter grundar sig p\u00e5 ber\u00e4ttigade intressen och r\u00e4ttsliga f\u00f6rpliktelser. <\/p>\n<p> <\/p>\n<p>Jag samlar ocks\u00e5 in information f\u00f6r marknadsf\u00f6rings\u00e4ndam\u00e5l. Den r\u00e4ttsliga grunden f\u00f6r behandling av personuppgifter \u00e4r samtycke. <\/p>\n<p> <\/p>\n<p>Jag profilerar inte anv\u00e4ndare och fattar inte automatiserade beslut om dem.<\/p>\n<p> <\/p>\n<p>Mottagare av dina personuppgifter<\/p>\n<p>&#8211; v\u00e5rt f\u00f6retag, det vill s\u00e4ga jag sj\u00e4lv<\/p>\n<p>&#8211; dig sj\u00e4lv, om vi pratar, t.ex. via e-post <\/p>\n<p> <\/p>\n<p>Vi sparar dina personuppgifter:<\/p>\n<p>&#8211; i e-postarkivet i sju \u00e5r<\/p>\n<p>&#8211; i bokf\u00f6ringen under sju \u00e5r.<\/p>\n<p> <\/p>\n<p>Du har f\u00f6ljande r\u00e4ttigheter:<\/p>\n<p>&#8211; r\u00e4tt att kontrollera personuppgifter som r\u00f6r dig<\/p>\n<p>&#8211; r\u00e4tt till r\u00e4ttelse av uppgifter<\/p>\n<p>&#8211; r\u00e4tten att begr\u00e4nsa behandlingen (du kan t.ex. v\u00e4gra marknadsf\u00f6ring)<\/p>\n<p>&#8211; r\u00e4tt att inv\u00e4nda mot behandling<\/p>\n<p>&#8211; r\u00e4tten att \u00e5terkalla samtycke (du kan t.ex. \u00e5terkalla ditt samtycke till marknadsf\u00f6ring)<\/p>\n<p>&#8211; r\u00e4tten att l\u00e4mna in ett klagom\u00e5l till en tillsynsmyndighet<\/p>\n<p> <\/p>\n<p>Observera att du endast har &#8221;r\u00e4tt att bli bortgl\u00f6md&#8221; om vi inte har en r\u00e4ttslig skyldighet att forts\u00e4tta behandla dina personuppgifter.<\/p>\t\t\t\t\t\t\t\t<\/div>\n\t\t\t\t<\/div>\n\t\t\t\t\t<\/div>\n\t\t\t\t<\/div>\n\t\t\t\t<\/div>\n\t\t","protected":false},"excerpt":{"rendered":"<p>Integritetspolicy 14.06.2024 Styrenhet F\u00f6retag: Visit Tornio Haparanda Ry Organisationsnummer: 3461733-2 Adress: c\/o Business Tornio\/Tourism Suensaarenkatu 4, 95400 Tornio Person som f\u00f6r registret: Juha-Pekka Koskinen E-post: [&hellip;]<\/p>\n","protected":false},"author":1,"featured_media":0,"parent":0,"menu_order":0,"comment_status":"closed","ping_status":"closed","template":"","meta":{"site-sidebar-layout":"default","site-content-layout":"","ast-site-content-layout":"default","site-content-style":"default","site-sidebar-style":"default","ast-global-header-display":"","ast-banner-title-visibility":"disabled","ast-main-header-display":"","ast-hfb-above-header-display":"","ast-hfb-below-header-display":"","ast-hfb-mobile-header-display":"","site-post-title":"","ast-breadcrumbs-content":"","ast-featured-img":"","footer-sml-layout":"","theme-transparent-header-meta":"default","adv-header-id-meta":"","stick-header-meta":"","header-above-stick-meta":"","header-main-stick-meta":"","header-below-stick-meta":"","astra-migrate-meta-layouts":"default","ast-page-background-enabled":"default","ast-page-background-meta":{"desktop":{"background-color":"","background-image":"","background-repeat":"repeat","background-position":"center center","background-size":"auto","background-attachment":"scroll","background-type":"","background-media":"","overlay-type":"","overlay-color":"","overlay-opacity":"","overlay-gradient":""},"tablet":{"background-color":"","background-image":"","background-repeat":"repeat","background-position":"center center","background-size":"auto","background-attachment":"scroll","background-type":"","background-media":"","overlay-type":"","overlay-color":"","overlay-opacity":"","overlay-gradient":""},"mobile":{"background-color":"","background-image":"","background-repeat":"repeat","background-position":"center center","background-size":"auto","background-attachment":"scroll","background-type":"","background-media":"","overlay-type":"","overlay-color":"","overlay-opacity":"","overlay-gradient":""}},"ast-content-background-meta":{"desktop":{"background-color":"var(--ast-global-color-5)","background-image":"","background-repeat":"repeat","background-position":"center center","background-size":"auto","background-attachment":"scroll","background-type":"","background-media":"","overlay-type":"","overlay-color":"","overlay-opacity":"","overlay-gradient":""},"tablet":{"background-color":"var(--ast-global-color-5)","background-image":"","background-repeat":"repeat","background-position":"center center","background-size":"auto","background-attachment":"scroll","background-type":"","background-media":"","overlay-type":"","overlay-color":"","overlay-opacity":"","overlay-gradient":""},"mobile":{"background-color":"var(--ast-global-color-5)","background-image":"","background-repeat":"repeat","background-position":"center center","background-size":"auto","background-attachment":"scroll","background-type":"","background-media":"","overlay-type":"","overlay-color":"","overlay-opacity":"","overlay-gradient":""}},"footnotes":""},"class_list":["post-7495","page","type-page","status-publish","hentry"],"aioseo_notices":[],"_links":{"self":[{"href":"https:\/\/www.visittorniohaparanda.com\/sv\/wp-json\/wp\/v2\/pages\/7495","targetHints":{"allow":["GET"]}}],"collection":[{"href":"https:\/\/www.visittorniohaparanda.com\/sv\/wp-json\/wp\/v2\/pages"}],"about":[{"href":"https:\/\/www.visittorniohaparanda.com\/sv\/wp-json\/wp\/v2\/types\/page"}],"author":[{"embeddable":true,"href":"https:\/\/www.visittorniohaparanda.com\/sv\/wp-json\/wp\/v2\/users\/1"}],"replies":[{"embeddable":true,"href":"https:\/\/www.visittorniohaparanda.com\/sv\/wp-json\/wp\/v2\/comments?post=7495"}],"version-history":[{"count":2,"href":"https:\/\/www.visittorniohaparanda.com\/sv\/wp-json\/wp\/v2\/pages\/7495\/revisions"}],"predecessor-version":[{"id":7497,"href":"https:\/\/www.visittorniohaparanda.com\/sv\/wp-json\/wp\/v2\/pages\/7495\/revisions\/7497"}],"wp:attachment":[{"href":"https:\/\/www.visittorniohaparanda.com\/sv\/wp-json\/wp\/v2\/media?parent=7495"}],"curies":[{"name":"wp","href":"https:\/\/api.w.org\/{rel}","templated":true}]}}